{"id":3,"date":"2022-09-17T20:41:25","date_gmt":"2022-09-17T20:41:25","guid":{"rendered":"http:\/\/www.penacaixe.pt\/pc\/?page_id=3"},"modified":"2022-10-19T19:46:36","modified_gmt":"2022-10-19T18:46:36","slug":"politica-privacidade","status":"publish","type":"page","link":"https:\/\/www.penacaixe.pt\/pc\/politica-privacidade\/","title":{"rendered":"Pol\u00edtica de privacidade"},"content":{"rendered":"\t\t<div data-elementor-type=\"wp-page\" data-elementor-id=\"3\" class=\"elementor elementor-3\">\n\t\t\t\t\t\t\t\t\t<section class=\"elementor-section elementor-top-section elementor-element elementor-element-249f7616 elementor-section-boxed elementor-section-height-default elementor-section-height-default\" data-id=\"249f7616\" data-element_type=\"section\">\n\t\t\t\t\t\t<div class=\"elementor-container elementor-column-gap-default\">\n\t\t\t\t\t<div class=\"elementor-column elementor-col-100 elementor-top-column elementor-element elementor-element-11c3eabd\" data-id=\"11c3eabd\" data-element_type=\"column\">\n\t\t\t<div class=\"elementor-widget-wrap elementor-element-populated\">\n\t\t\t\t\t\t\t\t<div class=\"elementor-element elementor-element-ffaa882 elementor-widget elementor-widget-heading\" data-id=\"ffaa882\" data-element_type=\"widget\" data-widget_type=\"heading.default\">\n\t\t\t\t<div class=\"elementor-widget-container\">\n\t\t\t<style>\/*! elementor - v3.13.3 - 28-05-2023 *\/\n.elementor-heading-title{padding:0;margin:0;line-height:1}.elementor-widget-heading .elementor-heading-title[class*=elementor-size-]>a{color:inherit;font-size:inherit;line-height:inherit}.elementor-widget-heading .elementor-heading-title.elementor-size-small{font-size:15px}.elementor-widget-heading .elementor-heading-title.elementor-size-medium{font-size:19px}.elementor-widget-heading .elementor-heading-title.elementor-size-large{font-size:29px}.elementor-widget-heading .elementor-heading-title.elementor-size-xl{font-size:39px}.elementor-widget-heading .elementor-heading-title.elementor-size-xxl{font-size:59px}<\/style><h3 class=\"elementor-heading-title elementor-size-default\">Politica de privacidade<\/h3>\t\t<\/div>\n\t\t\t\t<\/div>\n\t\t\t\t<div class=\"elementor-element elementor-element-2ae16407 elementor-widget elementor-widget-text-editor\" data-id=\"2ae16407\" data-element_type=\"widget\" data-widget_type=\"text-editor.default\">\n\t\t\t\t<div class=\"elementor-widget-container\">\n\t\t\t<style>\/*! elementor - v3.13.3 - 28-05-2023 *\/\n.elementor-widget-text-editor.elementor-drop-cap-view-stacked .elementor-drop-cap{background-color:#69727d;color:#fff}.elementor-widget-text-editor.elementor-drop-cap-view-framed .elementor-drop-cap{color:#69727d;border:3px solid;background-color:transparent}.elementor-widget-text-editor:not(.elementor-drop-cap-view-default) .elementor-drop-cap{margin-top:8px}.elementor-widget-text-editor:not(.elementor-drop-cap-view-default) .elementor-drop-cap-letter{width:1em;height:1em}.elementor-widget-text-editor .elementor-drop-cap{float:left;text-align:center;line-height:1;font-size:50px}.elementor-widget-text-editor .elementor-drop-cap-letter{display:inline-block}<\/style>\t\t\t\t<p><strong>Pol\u00edtica de Privacidade<\/strong><\/p><p>Na Penacaixe \u2013 Caixilharia de Alum\u00ednio, Lda, preocupamo-nos com a sua seguran\u00e7a e fazemos todos os esfor\u00e7os para proteger a privacidade das suas informa\u00e7\u00f5es pessoais. A Penacaixe est\u00e1 empenhada em garantir que a sua privacidade est\u00e1 protegida. Garantimos que todos os pedidos que faz no nosso site est\u00e3o seguros, j\u00e1 que utilizamos medidas de seguran\u00e7a criadas para o efeito. A Penacaixe opera de acordo com os princ\u00edpios descritos na pol\u00edtica do Regulamento (UE) 2016\/679 (Regulamento Geral sobre a Prote\u00e7\u00e3o de Dados \u2013 RGPD) e da legisla\u00e7\u00e3o de prote\u00e7\u00e3o de dados aplic\u00e1vel, em todas as atividades de tratamento de dados pessoais que sejam da sua responsabilidade.<\/p><p><strong>Responsabilidade pelo tratamento dos seus dados pessoais<\/strong><\/p><p>A entidade respons\u00e1vel pelo tratamento dos seus dados pessoais \u00e9 a Penacaixe \u2013 Caixilharia de Alum\u00ednio, Lda., designada como Penacaixe.<\/p><p><strong>\u00a0<\/strong><\/p><p><strong>Quais os dados recolhidos?<\/strong><\/p><p>S\u00e3o estes os exemplos de dados pessoais que a Penacaixe pode recolher:<\/p><ul><li>Nome, Informa\u00e7\u00f5es de contato, como o endere\u00e7o de e-mail ou contato telef\u00f3nico;<\/li><\/ul><p><strong>\u00a0<\/strong><\/p><p><strong>Em que casos \u00e9 que tratamos os seus dados pessoais?<\/strong><\/p><p>O tratamento dos seus dados pessoais funciona mediante o seu consentimento quando utiliza o nosso site. Este tratamento pode ser feito oralmente, por escrito ou atrav\u00e9s do nosso site.<\/p><p><strong>\u00a0<\/strong><\/p><p><strong>O que fazemos com a informa\u00e7\u00e3o recolhida?<\/strong><\/p><p>Utilizamos as suas informa\u00e7\u00f5es para lhe prestar um melhor servi\u00e7o, estes dados s\u00e3o fundamentalmente essenciais para que se possa registar no nosso site e com isso ter acesso a uma \u00e1rea pessoal privada.<\/p><p>Alguns exemplos de utiliza\u00e7\u00e3o dos dados pessoais:<\/p><ul><li>Registar Online: Para se registar na nossa plataforma Online, entrar em contacto connosco atrav\u00e9s de formul\u00e1rio;<\/li><li>Configurador: Envio do pedido de or\u00e7amentos atrav\u00e9s da funcionalidade do site denominada Configurador.<\/li><\/ul><p><strong>\u00a0<\/strong><\/p><p><strong>Durante quanto tempo conservamos os seus dados pessoais?<\/strong><\/p><p>Os seus dados pessoais s\u00e3o conservados pelo per\u00edodo necess\u00e1rio para cumprir os procedimentos mencionados. A Penacaixe reserva o direito de ap\u00f3s 10 anos (tempo m\u00ednimo legal para preserva\u00e7\u00e3o de dados de transa\u00e7\u00f5es) eliminar, destruir ou anonimizar os seus dados pessoais.<\/p><p><strong>\u00a0<\/strong><\/p><p><strong>A quem partilhamos os seus dados pessoais?<\/strong><\/p><p>A Penacaixe n\u00e3o partilha os seus dados pessoais com nenhuma entidade terceira.<\/p><p><strong>\u00a0<\/strong><\/p><p><strong>Cookies<\/strong><\/p><p>A Penacaixe utiliza cookies que permitem melhorar o desempenho e a experi\u00eancia de navega\u00e7\u00e3o dos nossos utilizadores. Com isso a sua experi\u00eancia de navega\u00e7\u00e3o ficar\u00e1 mais din\u00e2mica. Isso ajuda-nos a analisar os dados sobre o tr\u00e1fego na nossa p\u00e1gina e melhorar o nosso site a fim de adequ\u00e1-lo \u00e0s suas necessidades do cliente. N\u00f3s s\u00f3 usamos estas informa\u00e7\u00f5es para fins de an\u00e1lise estat\u00edstica e, em seguida, os dados s\u00e3o removidos do sistema. Todos os browsers de navega\u00e7\u00e3o permitem ao utilizador aceitar, recusar ou apagar cookies atrav\u00e9s da sele\u00e7\u00e3o das defini\u00e7\u00f5es avan\u00e7adas do navegador. Um cookie n\u00e3o nos d\u00e1 acesso ao seu computador ou qualquer informa\u00e7\u00e3o sobre voc\u00ea, com exce\u00e7\u00e3o dos dados que voc\u00ea escolher para partilhar connosco. O nosso site pode conter links para outros sites. No entanto, depois de abrir esses links, voc\u00ea deve notar que n\u00e3o temos qualquer controlo sobre esse outro site.<\/p><p><strong>\u00a0<\/strong><\/p><p><strong>Procedimentos Legais<\/strong><\/p><p>A Penacaixe n\u00e3o \u00e9 respons\u00e1vel pela obrigatoriedade legal de algumas plataformas digitais utilizarem os dados pessoais dos clientes, tais como Autoridade Tribut\u00e1ria, Tribunais e outras entidades de jurisdi\u00e7\u00e3o, Autoridade de Seguran\u00e7a Alimentar e Econ\u00f3mica, Livro de Reclama\u00e7\u00f5es, Livro de Elogios, entre outros. A Penacaixe n\u00e3o \u00e9 respons\u00e1vel se o cliente, por sua livre e espont\u00e2nea vontade nos enviar comunica\u00e7\u00f5es com dados pessoais, independentemente do meio utilizado.<\/p><p><strong>\u00a0<\/strong><\/p><p><strong>Atualiza\u00e7\u00e3o da Pol\u00edtica de Privacidade<\/strong><\/p><p>A Penacaixe reserva-se no direito de alterar a pol\u00edtica de privacidade, atualizando a mesma com as altera\u00e7\u00f5es que possam vir a ser implementadas.<\/p><p><strong>\u00a0<\/strong><\/p><p><strong>RGPD<\/strong><\/p><p>Os seus Dados Pessoais s\u00e3o importantes para n\u00f3s, queremos continuar a fazer uso dos mesmos de forma l\u00edcita e transparente. Enquanto titular de dados pode exercer os direitos de: Acesso, Retifica\u00e7\u00e3o, Esquecimento, Limita\u00e7\u00e3o e Oposi\u00e7\u00e3o e Portabilidade quando aplic\u00e1vel.<\/p><p>Caso pretenda exercer algum dos seus direitos use o seguinte formul\u00e1rio. Formul\u00e1rio de pedido<\/p><p style=\"box-sizing: border-box; margin-top: 0px; margin-bottom: 1rem; font-size: 16px; color: #576d96; font-family: Montserrat, sans-serif; background-color: #ffffff;\">Esta pol\u00edtica \u00e9 efetiva a partir de <strong>18 outubro 2022<\/strong><\/p>\t\t\t\t\t\t<\/div>\n\t\t\t\t<\/div>\n\t\t\t\t\t<\/div>\n\t\t<\/div>\n\t\t\t\t\t\t\t<\/div>\n\t\t<\/section>\n\t\t\t\t\t\t\t<\/div>\n\t\t","protected":false},"excerpt":{"rendered":"<p>Politica de privacidade Pol\u00edtica de Privacidade Na Penacaixe \u2013 Caixilharia de Alum\u00ednio, Lda, preocupamo-nos com a sua seguran\u00e7a e fazemos todos os esfor\u00e7os para proteger a privacidade das suas informa\u00e7\u00f5es pessoais. A Penacaixe est\u00e1 empenhada em garantir que a sua privacidade est\u00e1 protegida. Garantimos que todos os pedidos que faz no nosso site est\u00e3o seguros, j\u00e1 que utilizamos medidas de&#8230;<\/p>\n","protected":false},"author":1,"featured_media":0,"parent":0,"menu_order":0,"comment_status":"closed","ping_status":"open","template":"elementor_header_footer","meta":[],"acf":[],"_links":{"self":[{"href":"https:\/\/www.penacaixe.pt\/pc\/wp-json\/wp\/v2\/pages\/3"}],"collection":[{"href":"https:\/\/www.penacaixe.pt\/pc\/wp-json\/wp\/v2\/pages"}],"about":[{"href":"https:\/\/www.penacaixe.pt\/pc\/wp-json\/wp\/v2\/types\/page"}],"author":[{"embeddable":true,"href":"https:\/\/www.penacaixe.pt\/pc\/wp-json\/wp\/v2\/users\/1"}],"replies":[{"embeddable":true,"href":"https:\/\/www.penacaixe.pt\/pc\/wp-json\/wp\/v2\/comments?post=3"}],"version-history":[{"count":0,"href":"https:\/\/www.penacaixe.pt\/pc\/wp-json\/wp\/v2\/pages\/3\/revisions"}],"wp:attachment":[{"href":"https:\/\/www.penacaixe.pt\/pc\/wp-json\/wp\/v2\/media?parent=3"}],"curies":[{"name":"wp","href":"https:\/\/api.w.org\/{rel}","templated":true}]}}