{"id":1409,"date":"2022-09-25T20:37:17","date_gmt":"2022-09-25T20:37:17","guid":{"rendered":"http:\/\/www.penacaixe.pt\/pc\/?page_id=1409"},"modified":"2022-09-25T20:40:35","modified_gmt":"2022-09-25T20:40:35","slug":"configurador-2","status":"publish","type":"page","link":"https:\/\/www.penacaixe.pt\/pc\/configurador-2\/","title":{"rendered":"Configurador"},"content":{"rendered":"\t\t<div data-elementor-type=\"wp-page\" data-elementor-id=\"1409\" class=\"elementor elementor-1409\">\n\t\t\t\t\t\t\t\t\t<section class=\"elementor-section elementor-top-section elementor-element elementor-element-0e3137d elementor-section-boxed elementor-section-height-default elementor-section-height-default\" data-id=\"0e3137d\" data-element_type=\"section\">\n\t\t\t\t\t\t<div class=\"elementor-container elementor-column-gap-default\">\n\t\t\t\t\t<div class=\"elementor-column elementor-col-100 elementor-top-column elementor-element elementor-element-453ed11\" data-id=\"453ed11\" data-element_type=\"column\">\n\t\t\t<div class=\"elementor-widget-wrap elementor-element-populated\">\n\t\t\t\t\t\t\t\t<div class=\"elementor-element elementor-element-8291f1c elementor-widget elementor-widget-heading\" data-id=\"8291f1c\" data-element_type=\"widget\" data-widget_type=\"heading.default\">\n\t\t\t\t<div class=\"elementor-widget-container\">\n\t\t\t<style>\/*! elementor - v3.13.3 - 28-05-2023 *\/\n.elementor-heading-title{padding:0;margin:0;line-height:1}.elementor-widget-heading .elementor-heading-title[class*=elementor-size-]>a{color:inherit;font-size:inherit;line-height:inherit}.elementor-widget-heading .elementor-heading-title.elementor-size-small{font-size:15px}.elementor-widget-heading .elementor-heading-title.elementor-size-medium{font-size:19px}.elementor-widget-heading .elementor-heading-title.elementor-size-large{font-size:29px}.elementor-widget-heading .elementor-heading-title.elementor-size-xl{font-size:39px}.elementor-widget-heading .elementor-heading-title.elementor-size-xxl{font-size:59px}<\/style><h2 class=\"elementor-heading-title elementor-size-default\">Configurador<\/h2>\t\t<\/div>\n\t\t\t\t<\/div>\n\t\t\t\t\t<\/div>\n\t\t<\/div>\n\t\t\t\t\t\t\t<\/div>\n\t\t<\/section>\n\t\t\t\t<section class=\"elementor-section elementor-top-section elementor-element elementor-element-c6d66a1 elementor-section-boxed elementor-section-height-default elementor-section-height-default\" data-id=\"c6d66a1\" data-element_type=\"section\">\n\t\t\t\t\t\t<div class=\"elementor-container elementor-column-gap-default\">\n\t\t\t\t\t<div class=\"elementor-column elementor-col-100 elementor-top-column elementor-element elementor-element-8c206bf\" data-id=\"8c206bf\" data-element_type=\"column\">\n\t\t\t<div class=\"elementor-widget-wrap elementor-element-populated\">\n\t\t\t\t\t\t\t\t<div class=\"elementor-element elementor-element-2df9d04 elementor-widget elementor-widget-text-editor\" data-id=\"2df9d04\" data-element_type=\"widget\" data-widget_type=\"text-editor.default\">\n\t\t\t\t<div class=\"elementor-widget-container\">\n\t\t\t<style>\/*! elementor - v3.13.3 - 28-05-2023 *\/\n.elementor-widget-text-editor.elementor-drop-cap-view-stacked .elementor-drop-cap{background-color:#69727d;color:#fff}.elementor-widget-text-editor.elementor-drop-cap-view-framed .elementor-drop-cap{color:#69727d;border:3px solid;background-color:transparent}.elementor-widget-text-editor:not(.elementor-drop-cap-view-default) .elementor-drop-cap{margin-top:8px}.elementor-widget-text-editor:not(.elementor-drop-cap-view-default) .elementor-drop-cap-letter{width:1em;height:1em}.elementor-widget-text-editor .elementor-drop-cap{float:left;text-align:center;line-height:1;font-size:50px}.elementor-widget-text-editor .elementor-drop-cap-letter{display:inline-block}<\/style>\t\t\t\t<p>Selecione o que pretende para criarmos um or\u00e7amento personalizado de acordo com as suas op\u00e7\u00f5es:<\/p>\t\t\t\t\t\t<\/div>\n\t\t\t\t<\/div>\n\t\t\t\t\t<\/div>\n\t\t<\/div>\n\t\t\t\t\t\t\t<\/div>\n\t\t<\/section>\n\t\t\t\t<section class=\"elementor-section elementor-top-section elementor-element elementor-element-669b989 elementor-section-boxed elementor-section-height-default elementor-section-height-default\" data-id=\"669b989\" data-element_type=\"section\">\n\t\t\t\t\t\t<div class=\"elementor-container elementor-column-gap-default\">\n\t\t\t\t\t<div class=\"elementor-column elementor-col-100 elementor-top-column elementor-element elementor-element-e2b3654\" data-id=\"e2b3654\" data-element_type=\"column\">\n\t\t\t<div class=\"elementor-widget-wrap elementor-element-populated\">\n\t\t\t\t\t\t\t\t<div class=\"elementor-element elementor-element-52570fc elementor-widget elementor-widget-wpforms\" data-id=\"52570fc\" data-element_type=\"widget\" data-widget_type=\"wpforms.default\">\n\t\t\t\t<div class=\"elementor-widget-container\">\n\t\t\t<div class=\"wpforms-container wpforms-container-full\" id=\"wpforms-917\"><form id=\"wpforms-form-917\" class=\"wpforms-validate wpforms-form wpforms-ajax-form\" data-formid=\"917\" method=\"post\" enctype=\"multipart\/form-data\" action=\"\/pc\/wp-json\/wp\/v2\/pages\/1409\" data-token=\"42d9b8de94cb44ee16562a63a5f48a3b\"><noscript class=\"wpforms-error-noscript\">Please enable JavaScript in your browser to complete this form.<\/noscript><div class=\"wpforms-field-container\"><div id=\"wpforms-917-field_21-container\" class=\"wpforms-field wpforms-field-name\" data-field-id=\"21\"><label class=\"wpforms-field-label\" for=\"wpforms-917-field_21\">Nome <span class=\"wpforms-required-label\">*<\/span><\/label><input type=\"text\" id=\"wpforms-917-field_21\" class=\"wpforms-field-medium wpforms-field-required\" name=\"wpforms[fields][21]\" required><\/div><div id=\"wpforms-917-field_22-container\" class=\"wpforms-field wpforms-field-email\" data-field-id=\"22\"><label class=\"wpforms-field-label\" for=\"wpforms-917-field_22\">Email <span class=\"wpforms-required-label\">*<\/span><\/label><input type=\"email\" id=\"wpforms-917-field_22\" class=\"wpforms-field-medium wpforms-field-required\" name=\"wpforms[fields][22]\" spellcheck=\"false\" required><\/div><div id=\"wpforms-917-field_1-container\" class=\"wpforms-field wpforms-field-select wpforms-conditional-trigger wpforms-field-select-style-classic\" data-field-id=\"1\"><label class=\"wpforms-field-label\" for=\"wpforms-917-field_1\">Produtos <span class=\"wpforms-required-label\">*<\/span><\/label><select id=\"wpforms-917-field_1\" class=\"wpforms-field-medium wpforms-field-required\" name=\"wpforms[fields][1]\" required=\"required\"><option value=\"Janelas\/Portas\" >Janelas\/Portas<\/option><option value=\"Portas Entrada\" >Portas Entrada<\/option><option value=\"Portadas Alum\u00ednio\" >Portadas Alum\u00ednio<\/option><option value=\"Estores\" >Estores<\/option><option value=\"Port\u00f5es Alum\u00ednio\" >Port\u00f5es Alum\u00ednio<\/option><option value=\"Mosquiteiros\" >Mosquiteiros<\/option><option value=\"Automatismos\" >Automatismos<\/option><option value=\"Gradeamentos\" >Gradeamentos<\/option><option value=\"Resguardos WC\" >Resguardos WC<\/option><\/select><\/div><div id=\"wpforms-917-field_2-container\" class=\"wpforms-field wpforms-field-radio wpforms-list-inline wpforms-conditional-field wpforms-conditional-show wpforms-conditional-trigger\" data-field-id=\"2\" style=\"display:none;\"><label class=\"wpforms-field-label\" for=\"wpforms-917-field_2\">Tipos de sistema (Selecione o tipo de sistema) <span class=\"wpforms-required-label\">*<\/span><\/label><ul id=\"wpforms-917-field_2\" class=\"wpforms-field-required wpforms-image-choices wpforms-image-choices-modern\"><li class=\"choice-1 depth-1 wpforms-image-choices-item\"><label class=\"wpforms-field-label-inline\" for=\"wpforms-917-field_2_1\" tabindex=\"0\"><span class=\"wpforms-image-choices-image\"><img decoding=\"async\" src=\"http:\/\/www.penacaixe.pt\/pc\/wp-content\/uploads\/2022\/10\/janelacorrer-form.jpg\" alt=\"de correr\" title=\"de correr\"><\/span><input type=\"radio\" id=\"wpforms-917-field_2_1\" class=\"wpforms-screen-reader-element\" name=\"wpforms[fields][2]\" value=\"de correr\" tabindex=\"-1\" required ><span class=\"wpforms-image-choices-label\">de correr<\/span><\/label><\/li><li class=\"choice-4 depth-1 wpforms-image-choices-item\"><label class=\"wpforms-field-label-inline\" for=\"wpforms-917-field_2_4\" tabindex=\"0\"><span class=\"wpforms-image-choices-image\"><img decoding=\"async\" src=\"http:\/\/www.penacaixe.pt\/pc\/wp-content\/uploads\/2022\/10\/janelabatente-form.jpg\" alt=\"de batente\" title=\"de batente\"><\/span><input type=\"radio\" id=\"wpforms-917-field_2_4\" class=\"wpforms-screen-reader-element\" name=\"wpforms[fields][2]\" value=\"de batente\" tabindex=\"-1\" required ><span class=\"wpforms-image-choices-label\">de batente<\/span><\/label><\/li><\/ul><\/div><div id=\"wpforms-917-field_4-container\" class=\"wpforms-field wpforms-field-radio wpforms-conditional-field wpforms-conditional-show\" data-field-id=\"4\" style=\"display:none;\"><label class=\"wpforms-field-label\" for=\"wpforms-917-field_4\">Op\u00e7\u00f5es<\/label><ul id=\"wpforms-917-field_4\"><li class=\"choice-1 depth-1\"><input type=\"radio\" id=\"wpforms-917-field_4_1\" name=\"wpforms[fields][4]\" value=\"Normal\"  ><label class=\"wpforms-field-label-inline\" for=\"wpforms-917-field_4_1\">Normal<\/label><\/li><li class=\"choice-2 depth-1\"><input type=\"radio\" id=\"wpforms-917-field_4_2\" name=\"wpforms[fields][4]\" value=\"Oscilobatente\"  ><label class=\"wpforms-field-label-inline\" for=\"wpforms-917-field_4_2\">Oscilobatente<\/label><\/li><\/ul><div class=\"wpforms-field-description\">Oscilobatente \u00e9 uma janela de batente com abertura lateral. <\/div><\/div><div id=\"wpforms-917-field_14-container\" class=\"wpforms-field wpforms-field-radio wpforms-conditional-field wpforms-conditional-show\" data-field-id=\"14\" style=\"display:none;\"><label class=\"wpforms-field-label\" for=\"wpforms-917-field_14\">Material pretendido<\/label><ul id=\"wpforms-917-field_14\"><li class=\"choice-1 depth-1\"><input type=\"radio\" id=\"wpforms-917-field_14_1\" name=\"wpforms[fields][14]\" value=\"Alum\u00ednio\"  ><label class=\"wpforms-field-label-inline\" for=\"wpforms-917-field_14_1\">Alum\u00ednio<\/label><\/li><li class=\"choice-2 depth-1\"><input type=\"radio\" id=\"wpforms-917-field_14_2\" name=\"wpforms[fields][14]\" value=\"PVC\"  ><label class=\"wpforms-field-label-inline\" for=\"wpforms-917-field_14_2\">PVC<\/label><\/li><\/ul><\/div><div id=\"wpforms-917-field_19-container\" class=\"wpforms-field wpforms-field-radio wpforms-conditional-field wpforms-conditional-show wpforms-conditional-trigger\" data-field-id=\"19\" style=\"display:none;\"><label class=\"wpforms-field-label\" for=\"wpforms-917-field_19\">Tipo de estores<\/label><ul id=\"wpforms-917-field_19\"><li class=\"choice-1 depth-1\"><input type=\"radio\" id=\"wpforms-917-field_19_1\" name=\"wpforms[fields][19]\" value=\"Estores interiores\"  ><label class=\"wpforms-field-label-inline\" for=\"wpforms-917-field_19_1\">Estores interiores<\/label><\/li><li class=\"choice-2 depth-1\"><input type=\"radio\" id=\"wpforms-917-field_19_2\" name=\"wpforms[fields][19]\" value=\"Estores exteriores\"  ><label class=\"wpforms-field-label-inline\" for=\"wpforms-917-field_19_2\">Estores exteriores<\/label><\/li><\/ul><\/div><div id=\"wpforms-917-field_20-container\" class=\"wpforms-field wpforms-field-radio wpforms-conditional-field wpforms-conditional-show\" data-field-id=\"20\" style=\"display:none;\"><label class=\"wpforms-field-label\" for=\"wpforms-917-field_20\">Tipos de estores interiores<\/label><ul id=\"wpforms-917-field_20\"><li class=\"choice-1 depth-1\"><input type=\"radio\" id=\"wpforms-917-field_20_1\" name=\"wpforms[fields][20]\" value=\"De rolo\"  ><label class=\"wpforms-field-label-inline\" for=\"wpforms-917-field_20_1\">De rolo<\/label><\/li><li class=\"choice-2 depth-1\"><input type=\"radio\" id=\"wpforms-917-field_20_2\" name=\"wpforms[fields][20]\" value=\"Venezianos\"  ><label class=\"wpforms-field-label-inline\" for=\"wpforms-917-field_20_2\">Venezianos<\/label><\/li><li class=\"choice-3 depth-1\"><input type=\"radio\" id=\"wpforms-917-field_20_3\" name=\"wpforms[fields][20]\" value=\"Plissados\"  ><label class=\"wpforms-field-label-inline\" for=\"wpforms-917-field_20_3\">Plissados<\/label><\/li><li class=\"choice-4 depth-1\"><input type=\"radio\" id=\"wpforms-917-field_20_4\" name=\"wpforms[fields][20]\" value=\"Deslizantes\"  ><label class=\"wpforms-field-label-inline\" for=\"wpforms-917-field_20_4\">Deslizantes<\/label><\/li><\/ul><\/div><div id=\"wpforms-917-field_15-container\" class=\"wpforms-field wpforms-field-radio wpforms-conditional-field wpforms-conditional-show\" data-field-id=\"15\" style=\"display:none;\"><label class=\"wpforms-field-label\" for=\"wpforms-917-field_15\">Op\u00e7\u00f5es de estores<\/label><ul id=\"wpforms-917-field_15\"><li class=\"choice-1 depth-1\"><input type=\"radio\" id=\"wpforms-917-field_15_1\" name=\"wpforms[fields][15]\" value=\"Simples\"  ><label class=\"wpforms-field-label-inline\" for=\"wpforms-917-field_15_1\">Simples<\/label><\/li><li class=\"choice-2 depth-1\"><input type=\"radio\" id=\"wpforms-917-field_15_2\" name=\"wpforms[fields][15]\" value=\"Motorizado\"  ><label class=\"wpforms-field-label-inline\" for=\"wpforms-917-field_15_2\">Motorizado<\/label><\/li><\/ul><\/div><div id=\"wpforms-917-field_16-container\" class=\"wpforms-field wpforms-field-radio wpforms-conditional-field wpforms-conditional-show\" data-field-id=\"16\" style=\"display:none;\"><label class=\"wpforms-field-label\" for=\"wpforms-917-field_16\">Op\u00e7\u00f5es de portadas<\/label><ul id=\"wpforms-917-field_16\"><li class=\"choice-1 depth-1\"><input type=\"radio\" id=\"wpforms-917-field_16_1\" name=\"wpforms[fields][16]\" value=\"Laminas fixas\"  ><label class=\"wpforms-field-label-inline\" for=\"wpforms-917-field_16_1\">Laminas fixas<\/label><\/li><li class=\"choice-2 depth-1\"><input type=\"radio\" id=\"wpforms-917-field_16_2\" name=\"wpforms[fields][16]\" value=\"Laminas orient\u00e1veis\"  ><label class=\"wpforms-field-label-inline\" for=\"wpforms-917-field_16_2\">Laminas orient\u00e1veis<\/label><\/li><\/ul><\/div><div id=\"wpforms-917-field_17-container\" class=\"wpforms-field wpforms-field-radio wpforms-conditional-field wpforms-conditional-show\" data-field-id=\"17\" style=\"display:none;\"><label class=\"wpforms-field-label\" for=\"wpforms-917-field_17\">Op\u00e7\u00f5es de port\u00f5es<\/label><ul id=\"wpforms-917-field_17\"><li class=\"choice-1 depth-1\"><input type=\"radio\" id=\"wpforms-917-field_17_1\" name=\"wpforms[fields][17]\" value=\"Sem motoriza\u00e7\u00e3o\"  ><label class=\"wpforms-field-label-inline\" for=\"wpforms-917-field_17_1\">Sem motoriza\u00e7\u00e3o<\/label><\/li><li class=\"choice-2 depth-1\"><input type=\"radio\" id=\"wpforms-917-field_17_2\" name=\"wpforms[fields][17]\" value=\"Com motoriza\u00e7\u00e3o\"  ><label class=\"wpforms-field-label-inline\" for=\"wpforms-917-field_17_2\">Com motoriza\u00e7\u00e3o<\/label><\/li><\/ul><\/div><div id=\"wpforms-917-field_18-container\" class=\"wpforms-field wpforms-field-radio wpforms-conditional-field wpforms-conditional-show\" data-field-id=\"18\" style=\"display:none;\"><label class=\"wpforms-field-label\" for=\"wpforms-917-field_18\">Op\u00e7\u00f5es de mosquiteiros<\/label><ul id=\"wpforms-917-field_18\"><li class=\"choice-1 depth-1\"><input type=\"radio\" id=\"wpforms-917-field_18_1\" name=\"wpforms[fields][18]\" value=\"De enrolar\"  ><label class=\"wpforms-field-label-inline\" for=\"wpforms-917-field_18_1\">De enrolar<\/label><\/li><li class=\"choice-2 depth-1\"><input type=\"radio\" id=\"wpforms-917-field_18_2\" name=\"wpforms[fields][18]\" value=\"De correr\"  ><label class=\"wpforms-field-label-inline\" for=\"wpforms-917-field_18_2\">De correr<\/label><\/li><\/ul><\/div><div id=\"wpforms-917-field_12-container\" class=\"wpforms-field wpforms-field-radio wpforms-conditional-field wpforms-conditional-show\" data-field-id=\"12\" style=\"display:none;\"><label class=\"wpforms-field-label\" for=\"wpforms-917-field_12\">Com Rotura T\u00e9rmica<\/label><ul id=\"wpforms-917-field_12\"><li class=\"choice-1 depth-1\"><input type=\"radio\" id=\"wpforms-917-field_12_1\" name=\"wpforms[fields][12]\" value=\"Sim\"  ><label class=\"wpforms-field-label-inline\" for=\"wpforms-917-field_12_1\">Sim<\/label><\/li><li class=\"choice-2 depth-1\"><input type=\"radio\" id=\"wpforms-917-field_12_2\" name=\"wpforms[fields][12]\" value=\"N\u00e3o\"  ><label class=\"wpforms-field-label-inline\" for=\"wpforms-917-field_12_2\">N\u00e3o<\/label><\/li><\/ul><div class=\"wpforms-field-description\">A montagem de perfis com rotura t\u00e9rmica consiste na uni\u00e3o de dois semi-perfis utilizando baguetes de poliamida, originando um s\u00f3 perfil com caracter\u00edsticas muito especiais:<\/div><\/div><div id=\"wpforms-917-field_5-container\" class=\"wpforms-field wpforms-field-radio wpforms-conditional-trigger\" data-field-id=\"5\"><label class=\"wpforms-field-label\" for=\"wpforms-917-field_5\">Cores mais escolhidas<\/label><ul id=\"wpforms-917-field_5\"><li class=\"choice-1 depth-1\"><input type=\"radio\" id=\"wpforms-917-field_5_1\" name=\"wpforms[fields][5]\" value=\"Branco\"  ><label class=\"wpforms-field-label-inline\" for=\"wpforms-917-field_5_1\">Branco<\/label><\/li><li class=\"choice-2 depth-1\"><input type=\"radio\" id=\"wpforms-917-field_5_2\" name=\"wpforms[fields][5]\" value=\"Verde\"  ><label class=\"wpforms-field-label-inline\" for=\"wpforms-917-field_5_2\">Verde<\/label><\/li><li class=\"choice-3 depth-1\"><input type=\"radio\" id=\"wpforms-917-field_5_3\" name=\"wpforms[fields][5]\" value=\"Azul\"  ><label class=\"wpforms-field-label-inline\" for=\"wpforms-917-field_5_3\">Azul<\/label><\/li><li class=\"choice-4 depth-1\"><input type=\"radio\" id=\"wpforms-917-field_5_4\" name=\"wpforms[fields][5]\" value=\"Amarelo\"  ><label class=\"wpforms-field-label-inline\" for=\"wpforms-917-field_5_4\">Amarelo<\/label><\/li><li class=\"choice-5 depth-1\"><input type=\"radio\" id=\"wpforms-917-field_5_5\" name=\"wpforms[fields][5]\" value=\"Outra cor\"  ><label class=\"wpforms-field-label-inline\" for=\"wpforms-917-field_5_5\">Outra cor<\/label><\/li><\/ul><\/div><div id=\"wpforms-917-field_6-container\" class=\"wpforms-field wpforms-field-text wpforms-conditional-field wpforms-conditional-show\" data-field-id=\"6\" style=\"display:none;\"><label class=\"wpforms-field-label\" for=\"wpforms-917-field_6\">Qual a cor que pretende?<\/label><input type=\"text\" id=\"wpforms-917-field_6\" class=\"wpforms-field-medium\" name=\"wpforms[fields][6]\" ><\/div><div id=\"wpforms-917-field_8-container\" class=\"wpforms-field wpforms-field-text\" data-field-id=\"8\"><label class=\"wpforms-field-label\" for=\"wpforms-917-field_8\">Comprimento pretendido (cm):<\/label><input type=\"text\" id=\"wpforms-917-field_8\" class=\"wpforms-field-small\" name=\"wpforms[fields][8]\" ><div class=\"wpforms-field-description\">M\u00ednimo:  e M\u00e1ximo:<\/div><\/div><div id=\"wpforms-917-field_10-container\" class=\"wpforms-field wpforms-field-text\" data-field-id=\"10\"><label class=\"wpforms-field-label\" for=\"wpforms-917-field_10\">Altura (cm):<\/label><input type=\"text\" id=\"wpforms-917-field_10\" class=\"wpforms-field-small\" name=\"wpforms[fields][10]\" ><div class=\"wpforms-field-description\">Altura M\u00ednima:  e M\u00e1xima:<\/div><\/div><div id=\"wpforms-917-field_9-container\" class=\"wpforms-field wpforms-field-textarea\" data-field-id=\"9\"><label class=\"wpforms-field-label\" for=\"wpforms-917-field_9\">Observa\u00e7\u00f5es:<\/label><textarea id=\"wpforms-917-field_9\" class=\"wpforms-field-medium\" name=\"wpforms[fields][9]\" ><\/textarea><\/div><\/div><!-- .wpforms-field-container --><div class=\"wpforms-submit-container\" ><input type=\"hidden\" name=\"wpforms[id]\" value=\"917\"><input type=\"hidden\" name=\"wpforms[author]\" value=\"1\"><button type=\"submit\" name=\"wpforms[submit]\" id=\"wpforms-submit-917\" class=\"wpforms-submit\" data-alt-text=\"A enviar...\" data-submit-text=\"Adicionar ao or\u00e7amento\" aria-live=\"assertive\" value=\"wpforms-submit\">Adicionar ao or\u00e7amento<\/button><img decoding=\"async\" loading=\"lazy\" src=\"https:\/\/www.penacaixe.pt\/pc\/wp-content\/plugins\/wpforms\/assets\/images\/submit-spin.svg\" class=\"wpforms-submit-spinner\" style=\"display: none;\" width=\"26\" height=\"26\" alt=\"Loading\"><\/div><\/form><\/div>  <!-- .wpforms-container -->\t\t<\/div>\n\t\t\t\t<\/div>\n\t\t\t\t\t<\/div>\n\t\t<\/div>\n\t\t\t\t\t\t\t<\/div>\n\t\t<\/section>\n\t\t\t\t\t\t\t<\/div>\n\t\t","protected":false},"excerpt":{"rendered":"<p>Configurador Selecione o que pretende para criarmos um or\u00e7amento personalizado de acordo com as suas op\u00e7\u00f5es:<\/p>\n","protected":false},"author":1,"featured_media":0,"parent":0,"menu_order":0,"comment_status":"closed","ping_status":"closed","template":"elementor_header_footer","meta":[],"acf":[],"_links":{"self":[{"href":"https:\/\/www.penacaixe.pt\/pc\/wp-json\/wp\/v2\/pages\/1409"}],"collection":[{"href":"https:\/\/www.penacaixe.pt\/pc\/wp-json\/wp\/v2\/pages"}],"about":[{"href":"https:\/\/www.penacaixe.pt\/pc\/wp-json\/wp\/v2\/types\/page"}],"author":[{"embeddable":true,"href":"https:\/\/www.penacaixe.pt\/pc\/wp-json\/wp\/v2\/users\/1"}],"replies":[{"embeddable":true,"href":"https:\/\/www.penacaixe.pt\/pc\/wp-json\/wp\/v2\/comments?post=1409"}],"version-history":[{"count":0,"href":"https:\/\/www.penacaixe.pt\/pc\/wp-json\/wp\/v2\/pages\/1409\/revisions"}],"wp:attachment":[{"href":"https:\/\/www.penacaixe.pt\/pc\/wp-json\/wp\/v2\/media?parent=1409"}],"curies":[{"name":"wp","href":"https:\/\/api.w.org\/{rel}","templated":true}]}}